{"id":994,"date":"2025-10-25T19:17:38","date_gmt":"2025-10-25T19:17:38","guid":{"rendered":"http:\/\/192.168.0.222:44445\/?page_id=994"},"modified":"2025-10-27T21:02:05","modified_gmt":"2025-10-27T21:02:05","slug":"o-mne","status":"publish","type":"page","link":"https:\/\/davidondrus.sk\/en\/","title":{"rendered":"About me"},"content":{"rendered":"<div class=\"wp-block-cover alignfull has-custom-content-position is-position-center-right wp-duotone-unset-1\" style=\"min-height:910px;aspect-ratio:unset;\"><img loading=\"lazy\" decoding=\"async\" width=\"2001\" height=\"1000\" class=\"wp-block-cover__image-background wp-image-1011 size-full\" alt=\"\" src=\"https:\/\/davidondrus.sk\/wp-content\/uploads\/2025\/10\/header.jpg\" style=\"object-position:26% 60%\" data-object-fit=\"cover\" data-object-position=\"26% 60%\" srcset=\"https:\/\/davidondrus.sk\/wp-content\/uploads\/2025\/10\/header.jpg 2001w, https:\/\/davidondrus.sk\/wp-content\/uploads\/2025\/10\/header-300x150.jpg 300w, https:\/\/davidondrus.sk\/wp-content\/uploads\/2025\/10\/header-1920x960.jpg 1920w, https:\/\/davidondrus.sk\/wp-content\/uploads\/2025\/10\/header-768x384.jpg 768w, https:\/\/davidondrus.sk\/wp-content\/uploads\/2025\/10\/header-1536x768.jpg 1536w\" sizes=\"auto, (max-width: 2001px) 100vw, 2001px\" \/><span aria-hidden=\"true\" class=\"wp-block-cover__background has-background-dim-10 has-background-dim\"><\/span><div class=\"wp-block-cover__inner-container is-layout-flow wp-block-cover-is-layout-flow\">\n<h2 class=\"wp-block-heading has-text-align-center\" style=\"margin-right:var(--wp--preset--spacing--50);margin-left:var(--wp--preset--spacing--50);font-size:clamp(1.146rem, 1.146rem + ((1vw - 0.2rem) * 0.654), 1.8rem);\">Software Architect | Lead Developer | Backend               <\/h2>\n\n\n\n<h2 class=\"wp-block-heading has-text-align-right has-base-2-color has-text-color has-link-color wp-elements-618c7c4bb7f70f72d2f8a92ba99bdd30\" style=\"margin-right:var(--wp--preset--spacing--50);margin-left:var(--wp--preset--spacing--50);font-size:clamp(0.875rem, 0.875rem + ((1vw - 0.2rem) * 0.225), 1.1rem);\"><br><a href=\"https:\/\/www.credly.com\/badges\/ec7fbd56-a8b7-47fe-85f2-f541ab5cfe63\/public_url\" target=\"_blank\" rel=\"noreferrer noopener\">Professional Cloud Architect certified by Google Cloud<\/a><\/h2>\n<\/div><\/div>\n\n\n\n<div class=\"wp-block-group has-global-padding is-layout-constrained wp-container-core-group-is-layout-eb5a687c wp-block-group-is-layout-constrained\" style=\"margin-top:var(--wp--preset--spacing--30);margin-bottom:var(--wp--preset--spacing--30)\">\n<p class=\"has-text-align-center has-medium-font-size\" style=\"padding-top:0;padding-bottom:0;line-height:2.4\">Complex solutions don't have to be overcomplicated and overpriced - I bring <strong>simplicity <\/strong>and<strong> modularity<\/strong>.<br>Technology is only a tool, <strong>successful business is the priority<\/strong> I evaluate the realistic added value.<br>Team conversation, knowledge sharing and writing it down - I ensure <strong>traceability<\/strong> of experience.<\/p>\n<\/div>\n\n\n\n<div class=\"wp-block-group alignfull is-content-justification-center is-layout-flex wp-container-core-group-is-layout-bda6666e wp-block-group-is-layout-flex\" style=\"margin-top:var(--wp--preset--spacing--30);margin-bottom:var(--wp--preset--spacing--30);padding-top:0;padding-right:0;padding-bottom:0;padding-left:0\">\n<div class=\"wp-block-group is-vertical is-content-justification-center is-nowrap is-layout-flex wp-container-core-group-is-layout-8bb9d0dd wp-block-group-is-layout-flex\">\n<p class=\"has-text-align-center translation-block\" style=\"font-size:clamp(0.929rem, 0.929rem + ((1vw - 0.2rem) * 0.471), 1.4rem);\"><strong>Business<\/strong><strong><br><\/strong>requirements consulting<\/p>\n\n\n\n<figure class=\"wp-block-image size-medium is-style-rounded is-style-rounded--2\"><img loading=\"lazy\" decoding=\"async\" width=\"300\" height=\"300\" src=\"https:\/\/davidondrus.sk\/wp-content\/uploads\/2025\/10\/home_1-300x300.jpg\" alt=\"\" class=\"wp-image-1012\" style=\"aspect-ratio:1;object-fit:cover\" srcset=\"https:\/\/davidondrus.sk\/wp-content\/uploads\/2025\/10\/home_1-300x300.jpg 300w, https:\/\/davidondrus.sk\/wp-content\/uploads\/2025\/10\/home_1-150x150.jpg 150w, https:\/\/davidondrus.sk\/wp-content\/uploads\/2025\/10\/home_1-768x768.jpg 768w, https:\/\/davidondrus.sk\/wp-content\/uploads\/2025\/10\/home_1.jpg 854w\" sizes=\"auto, (max-width: 300px) 100vw, 300px\" \/><\/figure>\n<\/div>\n\n\n\n<div class=\"wp-block-group is-vertical is-content-justification-center is-nowrap is-layout-flex wp-container-core-group-is-layout-b41fbe9f wp-block-group-is-layout-flex\">\n<p class=\"has-text-align-center translation-block\" style=\"font-size:clamp(0.929rem, 0.929rem + ((1vw - 0.2rem) * 0.471), 1.4rem);\"><strong>Technical<\/strong><strong><br><\/strong>solution design<\/p>\n\n\n\n<figure class=\"wp-block-image size-medium is-style-rounded is-style-rounded--3\"><img loading=\"lazy\" decoding=\"async\" width=\"300\" height=\"300\" src=\"https:\/\/davidondrus.sk\/wp-content\/uploads\/2025\/10\/home_2-300x300.jpg\" alt=\"\" class=\"wp-image-1013\" style=\"aspect-ratio:1;object-fit:cover\" srcset=\"https:\/\/davidondrus.sk\/wp-content\/uploads\/2025\/10\/home_2-300x300.jpg 300w, https:\/\/davidondrus.sk\/wp-content\/uploads\/2025\/10\/home_2-1080x1080.jpg 1080w, https:\/\/davidondrus.sk\/wp-content\/uploads\/2025\/10\/home_2-150x150.jpg 150w, https:\/\/davidondrus.sk\/wp-content\/uploads\/2025\/10\/home_2-768x768.jpg 768w, https:\/\/davidondrus.sk\/wp-content\/uploads\/2025\/10\/home_2.jpg 1280w\" sizes=\"auto, (max-width: 300px) 100vw, 300px\" \/><\/figure>\n<\/div>\n\n\n\n<div class=\"wp-block-group is-vertical is-content-justification-center is-nowrap is-layout-flex wp-container-core-group-is-layout-b41fbe9f wp-block-group-is-layout-flex\">\n<p class=\"has-text-align-center\" style=\"font-size:clamp(0.929rem, 0.929rem + ((1vw - 0.2rem) * 0.471), 1.4rem);\"><strong>Leading<\/strong><strong><br><\/strong>development teams<\/p>\n\n\n\n<figure class=\"wp-block-image size-medium is-style-rounded is-style-rounded--4\"><img loading=\"lazy\" decoding=\"async\" width=\"300\" height=\"300\" src=\"https:\/\/davidondrus.sk\/wp-content\/uploads\/2025\/10\/home_3-300x300.jpg\" alt=\"\" class=\"wp-image-1014\" style=\"aspect-ratio:1;object-fit:cover\" srcset=\"https:\/\/davidondrus.sk\/wp-content\/uploads\/2025\/10\/home_3-300x300.jpg 300w, https:\/\/davidondrus.sk\/wp-content\/uploads\/2025\/10\/home_3-150x150.jpg 150w, https:\/\/davidondrus.sk\/wp-content\/uploads\/2025\/10\/home_3.jpg 623w\" sizes=\"auto, (max-width: 300px) 100vw, 300px\" \/><\/figure>\n<\/div>\n\n\n\n<div class=\"wp-block-group is-vertical is-content-justification-center is-nowrap is-layout-flex wp-container-core-group-is-layout-8bb9d0dd wp-block-group-is-layout-flex\">\n<p class=\"has-text-align-center\" style=\"font-size:clamp(0.929rem, 0.929rem + ((1vw - 0.2rem) * 0.471), 1.4rem);\"><strong>Programming<\/strong><strong><br><\/strong>backend<\/p>\n\n\n\n<figure class=\"wp-block-image size-medium is-style-rounded is-style-rounded--5\"><img loading=\"lazy\" decoding=\"async\" width=\"300\" height=\"300\" src=\"https:\/\/davidondrus.sk\/wp-content\/uploads\/2025\/10\/home_4-300x300.jpg\" alt=\"\" class=\"wp-image-1015\" style=\"aspect-ratio:1;object-fit:cover\" srcset=\"https:\/\/davidondrus.sk\/wp-content\/uploads\/2025\/10\/home_4-300x300.jpg 300w, https:\/\/davidondrus.sk\/wp-content\/uploads\/2025\/10\/home_4-150x150.jpg 150w, https:\/\/davidondrus.sk\/wp-content\/uploads\/2025\/10\/home_4.jpg 467w\" sizes=\"auto, (max-width: 300px) 100vw, 300px\" \/><\/figure>\n<\/div>\n<\/div>\n\n\n\n<p class=\"has-text-align-center has-medium-font-size\">My participation throughout the whole project allows me to be familiar with the challenges of each phase. I can reduce the risk of problems in a timely manner and thus increase its quality.<\/p>\n\n\n\n<div class=\"wp-block-group has-global-padding is-layout-constrained wp-container-core-group-is-layout-eb5a687c wp-block-group-is-layout-constrained\" style=\"margin-top:var(--wp--preset--spacing--30);margin-bottom:var(--wp--preset--spacing--30)\">\n<h2 class=\"wp-block-heading has-text-align-center\" style=\"padding-top:var(--wp--preset--spacing--20);padding-bottom:var(--wp--preset--spacing--20)\">My work is based on strong foundations<\/h2>\n\n\n\n<p class=\"has-text-align-center has-medium-font-size\" style=\"padding-top:0;padding-bottom:0;line-height:2.4\"><strong>Responsibility <\/strong>\u2013 I keep agreements and communicate unexpected problems in a timely manner.<br><strong>Reliability <\/strong>\u2013 I guarantee the delivery of outputs without any reminders.<br><strong>Honesty <\/strong>\u2013 I express an opinion, even if it is unpopular.<br><strong>Integrity <\/strong>\u2013 I do what I say. I do my work as if I were doing it for myself.<\/p>\n<\/div>","protected":false},"excerpt":{"rendered":"<p>Tvor\u00edm komplexn\u00e9 rie\u0161enia, ktor\u00e9 nie s\u00fa zbyto\u010dne prekomplikovan\u00e9 a predra\u017een\u00e9 &#8211; do ich n\u00e1vrhu vn\u00e1\u0161am jednoduchos\u0165 a modul\u00e1rnos\u0165.Technol\u00f3gie s\u00fa len n\u00e1stroje, prioritou je \u00faspe\u0161n\u00fd biznis &#8211; sna\u017e\u00edm sa realisticky vyhodnoti\u0165 ich pou\u017eitie vo\u010di pridanej hodnote.V t\u00edme presadzujem spolo\u010dn\u00fa konverz\u00e1ciu, zdie\u013eanie vedomost\u00ed a ich zapisovanie &#8211; db\u00e1m na sp\u00e4tn\u00fa doh\u013eadate\u013enos\u0165 inform\u00e1ci\u00ed. Konzultujembiznis po\u017eiadavky Navrhujemtechnick\u00e9 rie\u0161enia Vediemv\u00fdvoj\u00e1rske [&hellip;]<\/p>\n","protected":false},"author":1,"featured_media":0,"parent":0,"menu_order":0,"comment_status":"closed","ping_status":"closed","template":"","meta":{"footnotes":""},"class_list":["post-994","page","type-page","status-publish","hentry"],"_links":{"self":[{"href":"https:\/\/davidondrus.sk\/en\/wp-json\/wp\/v2\/pages\/994","targetHints":{"allow":["GET"]}}],"collection":[{"href":"https:\/\/davidondrus.sk\/en\/wp-json\/wp\/v2\/pages"}],"about":[{"href":"https:\/\/davidondrus.sk\/en\/wp-json\/wp\/v2\/types\/page"}],"author":[{"embeddable":true,"href":"https:\/\/davidondrus.sk\/en\/wp-json\/wp\/v2\/users\/1"}],"replies":[{"embeddable":true,"href":"https:\/\/davidondrus.sk\/en\/wp-json\/wp\/v2\/comments?post=994"}],"version-history":[{"count":32,"href":"https:\/\/davidondrus.sk\/en\/wp-json\/wp\/v2\/pages\/994\/revisions"}],"predecessor-version":[{"id":1183,"href":"https:\/\/davidondrus.sk\/en\/wp-json\/wp\/v2\/pages\/994\/revisions\/1183"}],"wp:attachment":[{"href":"https:\/\/davidondrus.sk\/en\/wp-json\/wp\/v2\/media?parent=994"}],"curies":[{"name":"wp","href":"https:\/\/api.w.org\/{rel}","templated":true}]}}