{"id":995,"date":"2025-10-25T19:17:20","date_gmt":"2025-10-25T19:17:20","guid":{"rendered":"http:\/\/192.168.0.222:44445\/?page_id=995"},"modified":"2025-10-27T19:56:22","modified_gmt":"2025-10-27T19:56:22","slug":"portfolio","status":"publish","type":"page","link":"https:\/\/davidondrus.sk\/en\/portfolio\/","title":{"rendered":"Portfolio"},"content":{"rendered":"<div class=\"wp-block-cover alignfull\" style=\"min-height:388px;aspect-ratio:unset;\"><img loading=\"lazy\" decoding=\"async\" width=\"1620\" height=\"1080\" class=\"wp-block-cover__image-background wp-image-1099 size-large\" alt=\"\" src=\"https:\/\/davidondrus.sk\/wp-content\/uploads\/2025\/10\/portfolio_7-1620x1080.jpg\" style=\"object-position:52% 0%\" data-object-fit=\"cover\" data-object-position=\"52% 0%\" srcset=\"https:\/\/davidondrus.sk\/wp-content\/uploads\/2025\/10\/portfolio_7-1620x1080.jpg 1620w, https:\/\/davidondrus.sk\/wp-content\/uploads\/2025\/10\/portfolio_7-300x200.jpg 300w, https:\/\/davidondrus.sk\/wp-content\/uploads\/2025\/10\/portfolio_7-768x512.jpg 768w, https:\/\/davidondrus.sk\/wp-content\/uploads\/2025\/10\/portfolio_7-1536x1024.jpg 1536w, https:\/\/davidondrus.sk\/wp-content\/uploads\/2025\/10\/portfolio_7-18x12.jpg 18w, https:\/\/davidondrus.sk\/wp-content\/uploads\/2025\/10\/portfolio_7.jpg 1920w\" sizes=\"auto, (max-width: 1620px) 100vw, 1620px\" \/><span aria-hidden=\"true\" class=\"wp-block-cover__background has-background-dim\"><\/span><div class=\"wp-block-cover__inner-container has-global-padding is-layout-constrained wp-block-cover-is-layout-constrained\">\n<h2 class=\"wp-block-heading has-text-align-center has-xx-large-font-size\">Portfolio<\/h2>\n<\/div><\/div>\n\n\n\n<div class=\"wp-block-group is-vertical is-content-justification-center is-layout-flex wp-container-core-group-is-layout-7f106f9c wp-block-group-is-layout-flex\" style=\"margin-top:var(--wp--preset--spacing--10);margin-bottom:var(--wp--preset--spacing--10)\">\n<p class=\"has-text-align-center has-x-large-font-size\">35+ projects<\/p>\n\n\n\n<p>from which<\/p>\n\n\n\n<p class=\"has-x-large-font-size\">20+ built \u201efrom scratch\u201c<\/p>\n\n\n\n<p class=\"has-medium-font-size\"><strong>complex information systems<\/strong> \u2013 from software architecture design, through implementation\/development to operation, maintenance and support<\/p>\n<\/div>\n\n\n\n<h2 class=\"wp-block-heading has-text-align-center has-x-large-font-size\" style=\"margin-top:var(--wp--preset--spacing--40);margin-bottom:var(--wp--preset--spacing--40)\"><strong>Case studies<\/strong><\/h2>\n\n\n\n<div class=\"wp-block-group alignfull has-base-background-color has-background has-global-padding is-layout-constrained wp-container-core-group-is-layout-c47658a0 wp-block-group-is-layout-constrained\" style=\"margin-top:0;margin-bottom:0;padding-top:0;padding-right:0;padding-bottom:0;padding-left:0\">\n<div class=\"wp-block-media-text is-stacked-on-mobile has-medium-font-size\" style=\"padding-right:0;padding-left:0;grid-template-columns:20% auto\"><figure class=\"wp-block-media-text__media\"><img loading=\"lazy\" decoding=\"async\" width=\"300\" height=\"300\" src=\"https:\/\/davidondrus.sk\/wp-content\/uploads\/2025\/10\/portfolio_1-300x300.jpg\" alt=\"\" class=\"wp-image-1093 size-medium\" srcset=\"https:\/\/davidondrus.sk\/wp-content\/uploads\/2025\/10\/portfolio_1-300x300.jpg 300w, https:\/\/davidondrus.sk\/wp-content\/uploads\/2025\/10\/portfolio_1-1080x1080.jpg 1080w, https:\/\/davidondrus.sk\/wp-content\/uploads\/2025\/10\/portfolio_1-150x150.jpg 150w, https:\/\/davidondrus.sk\/wp-content\/uploads\/2025\/10\/portfolio_1-768x768.jpg 768w, https:\/\/davidondrus.sk\/wp-content\/uploads\/2025\/10\/portfolio_1-12x12.jpg 12w, https:\/\/davidondrus.sk\/wp-content\/uploads\/2025\/10\/portfolio_1.jpg 1259w\" sizes=\"auto, (max-width: 300px) 100vw, 300px\" \/><\/figure><div class=\"wp-block-media-text__content\">\n<p style=\"font-size:clamp(0.984rem, 0.984rem + ((1vw - 0.2rem) * 0.516), 1.5rem);\"><strong>Smart city system for 700000+ citizens of american city<\/strong><\/p>\n\n\n\n<p style=\"font-size:clamp(0.875rem, 0.875rem + ((1vw - 0.2rem) * 0.325), 1.2rem);\">AI chatbot, newsfeed, payments, reporting<\/p>\n\n\n\n<p style=\"font-size:clamp(0.875rem, 0.875rem + ((1vw - 0.2rem) * 0.225), 1.1rem);\"><em>Tech: Android, iOS, Backoffice web, Backend, AI, Integrations, AWS infrastructure<\/em><\/p>\n<\/div><\/div>\n\n\n\n<div class=\"wp-block-media-text is-stacked-on-mobile has-medium-font-size\" style=\"padding-right:0;padding-left:0;grid-template-columns:20% auto\"><figure class=\"wp-block-media-text__media\"><img loading=\"lazy\" decoding=\"async\" width=\"1080\" height=\"1080\" src=\"https:\/\/davidondrus.sk\/wp-content\/uploads\/2025\/10\/portfolio_2-1080x1080.jpg\" alt=\"\" class=\"wp-image-1094 size-medium\" srcset=\"https:\/\/davidondrus.sk\/wp-content\/uploads\/2025\/10\/portfolio_2-1080x1080.jpg 1080w, https:\/\/davidondrus.sk\/wp-content\/uploads\/2025\/10\/portfolio_2-300x300.jpg 300w, https:\/\/davidondrus.sk\/wp-content\/uploads\/2025\/10\/portfolio_2-150x150.jpg 150w, https:\/\/davidondrus.sk\/wp-content\/uploads\/2025\/10\/portfolio_2-768x768.jpg 768w, https:\/\/davidondrus.sk\/wp-content\/uploads\/2025\/10\/portfolio_2-12x12.jpg 12w, https:\/\/davidondrus.sk\/wp-content\/uploads\/2025\/10\/portfolio_2.jpg 1280w\" sizes=\"auto, (max-width: 1080px) 100vw, 1080px\" \/><\/figure><div class=\"wp-block-media-text__content\">\n<p><strong>System for management of 20000+ medical devices collecting 450000+ logs daily<\/strong><\/p>\n\n\n\n<p>Device control via Bluetooth, firmware management, product dispatch catalog, machine logs export<\/p>\n\n\n\n<p><em>Tech: Android, iOS, Bluetooth (BLE), Backoffice web, Backend, Big Data, Private cloud<\/em><\/p>\n<\/div><\/div>\n\n\n\n<div class=\"wp-block-media-text is-stacked-on-mobile has-medium-font-size\" style=\"padding-right:0;padding-left:0;grid-template-columns:20% auto\"><figure class=\"wp-block-media-text__media\"><img loading=\"lazy\" decoding=\"async\" width=\"1080\" height=\"1080\" src=\"https:\/\/davidondrus.sk\/wp-content\/uploads\/2025\/10\/portfolio_3-1080x1080.jpg\" alt=\"\" class=\"wp-image-1095 size-medium\" srcset=\"https:\/\/davidondrus.sk\/wp-content\/uploads\/2025\/10\/portfolio_3-1080x1080.jpg 1080w, https:\/\/davidondrus.sk\/wp-content\/uploads\/2025\/10\/portfolio_3-300x300.jpg 300w, https:\/\/davidondrus.sk\/wp-content\/uploads\/2025\/10\/portfolio_3-150x150.jpg 150w, https:\/\/davidondrus.sk\/wp-content\/uploads\/2025\/10\/portfolio_3-768x768.jpg 768w, https:\/\/davidondrus.sk\/wp-content\/uploads\/2025\/10\/portfolio_3-12x12.jpg 12w, https:\/\/davidondrus.sk\/wp-content\/uploads\/2025\/10\/portfolio_3.jpg 1280w\" sizes=\"auto, (max-width: 1080px) 100vw, 1080px\" \/><\/figure><div class=\"wp-block-media-text__content\">\n<p><strong>Portfolio management of 11000+ products in manufacture<\/strong><\/p>\n\n\n\n<p>Management of 200+ product attributes, automated data synchronization, marketing and sales campaigns<\/p>\n\n\n\n<p><em>Tech: Web, Backoffice, Backend, Private on-premise<\/em><\/p>\n<\/div><\/div>\n\n\n\n<div class=\"wp-block-media-text is-stacked-on-mobile has-medium-font-size\" style=\"padding-right:0;padding-left:0;grid-template-columns:20% auto\"><figure class=\"wp-block-media-text__media\"><img loading=\"lazy\" decoding=\"async\" width=\"1080\" height=\"1080\" src=\"https:\/\/davidondrus.sk\/wp-content\/uploads\/2025\/10\/portfolio_4-1080x1080.jpg\" alt=\"\" class=\"wp-image-1096 size-medium\" srcset=\"https:\/\/davidondrus.sk\/wp-content\/uploads\/2025\/10\/portfolio_4-1080x1080.jpg 1080w, https:\/\/davidondrus.sk\/wp-content\/uploads\/2025\/10\/portfolio_4-300x300.jpg 300w, https:\/\/davidondrus.sk\/wp-content\/uploads\/2025\/10\/portfolio_4-150x150.jpg 150w, https:\/\/davidondrus.sk\/wp-content\/uploads\/2025\/10\/portfolio_4-768x768.jpg 768w, https:\/\/davidondrus.sk\/wp-content\/uploads\/2025\/10\/portfolio_4-12x12.jpg 12w, https:\/\/davidondrus.sk\/wp-content\/uploads\/2025\/10\/portfolio_4.jpg 1280w\" sizes=\"auto, (max-width: 1080px) 100vw, 1080px\" \/><\/figure><div class=\"wp-block-media-text__content\">\n<p><strong>Marketplace for 150+ branches with 1-hour local delivery<\/strong><\/p>\n\n\n\n<p>Integrations for taxi\/courier services, minute-by-minute accept\/reject system, instant printing of orders<\/p>\n\n\n\n<p><em>Tech: Web, Backoffice web, Backend, Android mobile terminals, Private cloud<\/em><\/p>\n<\/div><\/div>\n\n\n\n<div class=\"wp-block-media-text is-stacked-on-mobile has-medium-font-size\" style=\"padding-right:0;padding-left:0;grid-template-columns:20% auto\"><figure class=\"wp-block-media-text__media\"><img loading=\"lazy\" decoding=\"async\" width=\"1080\" height=\"1080\" src=\"https:\/\/davidondrus.sk\/wp-content\/uploads\/2025\/10\/portfolio_5-1080x1080.jpg\" alt=\"\" class=\"wp-image-1097 size-medium\" srcset=\"https:\/\/davidondrus.sk\/wp-content\/uploads\/2025\/10\/portfolio_5-1080x1080.jpg 1080w, https:\/\/davidondrus.sk\/wp-content\/uploads\/2025\/10\/portfolio_5-300x300.jpg 300w, https:\/\/davidondrus.sk\/wp-content\/uploads\/2025\/10\/portfolio_5-150x150.jpg 150w, https:\/\/davidondrus.sk\/wp-content\/uploads\/2025\/10\/portfolio_5-768x768.jpg 768w, https:\/\/davidondrus.sk\/wp-content\/uploads\/2025\/10\/portfolio_5-12x12.jpg 12w, https:\/\/davidondrus.sk\/wp-content\/uploads\/2025\/10\/portfolio_5.jpg 1280w\" sizes=\"auto, (max-width: 1080px) 100vw, 1080px\" \/><\/figure><div class=\"wp-block-media-text__content\">\n<p><strong>Employee application and management system for 1200+ employees<\/strong><\/p>\n\n\n\n<p>Corporate content management \u2013 \u200b\u200bemployee announcements, job offers, food ordering<\/p>\n\n\n\n<p><em>Tech: Android, iOS, Backoffice web, Backend, Private cloud<\/em><\/p>\n<\/div><\/div>\n<\/div>\n\n\n\n<h2 class=\"wp-block-heading has-text-align-center has-x-large-font-size\" style=\"margin-top:var(--wp--preset--spacing--40);margin-bottom:var(--wp--preset--spacing--40)\"><strong>Articles<\/strong><\/h2>\n\n\n\n<div class=\"wp-block-group has-global-padding is-layout-constrained wp-container-core-group-is-layout-1215c6f3 wp-block-group-is-layout-constrained\" style=\"margin-top:0;margin-bottom:var(--wp--preset--spacing--30)\">\n<div class=\"wp-block-media-text is-stacked-on-mobile\" style=\"grid-template-columns:40% auto\"><figure class=\"wp-block-media-text__media\"><img loading=\"lazy\" decoding=\"async\" width=\"1280\" height=\"719\" src=\"https:\/\/davidondrus.sk\/wp-content\/uploads\/2025\/10\/portfolio_6.jpg\" alt=\"\" class=\"wp-image-1098 size-full\" srcset=\"https:\/\/davidondrus.sk\/wp-content\/uploads\/2025\/10\/portfolio_6.jpg 1280w, https:\/\/davidondrus.sk\/wp-content\/uploads\/2025\/10\/portfolio_6-300x169.jpg 300w, https:\/\/davidondrus.sk\/wp-content\/uploads\/2025\/10\/portfolio_6-768x431.jpg 768w, https:\/\/davidondrus.sk\/wp-content\/uploads\/2025\/10\/portfolio_6-18x10.jpg 18w\" sizes=\"auto, (max-width: 1280px) 100vw, 1280px\" \/><\/figure><div class=\"wp-block-media-text__content\">\n<p class=\"has-large-font-size\"><strong>Medium<\/strong><\/p>\n\n\n\n<p class=\"has-medium-font-size\">Sharing knowledge and experience on Medium:<br><a href=\"https:\/\/medium.com\/@david.ondrus\" target=\"_blank\" rel=\"noreferrer noopener\">https:\/\/medium.com\/@david.ondrus<\/a><\/p>\n<\/div><\/div>\n<\/div>","protected":false},"excerpt":{"rendered":"<p>35+ projektov z toho 20+ navrhnut\u00fdch a vyvinut\u00fdch &#8222;from scratch&#8220; komplexn\u00e9 informa\u010dn\u00e9 syst\u00e9my &#8211; od n\u00e1vrhu architekt\u00fary, cez implement\u00e1ciu\/v\u00fdvoj a\u017e po prev\u00e1dzku, \u00fadr\u017ebu a podporu Case studies Smart city syst\u00e9m pre 700000+ obyvate\u013eov americk\u00e9ho mesta AI chatbot, newsfeed, platby, hl\u00e1senie nedostatkov v meste Tech: Android, iOS, Backoffice web, Backend, AI, Integr\u00e1cie, AWS infra\u0161trukt\u00fara Syst\u00e9m na [&hellip;]<\/p>\n","protected":false},"author":1,"featured_media":0,"parent":0,"menu_order":1,"comment_status":"closed","ping_status":"closed","template":"","meta":{"footnotes":""},"class_list":["post-995","page","type-page","status-publish","hentry"],"_links":{"self":[{"href":"https:\/\/davidondrus.sk\/en\/wp-json\/wp\/v2\/pages\/995","targetHints":{"allow":["GET"]}}],"collection":[{"href":"https:\/\/davidondrus.sk\/en\/wp-json\/wp\/v2\/pages"}],"about":[{"href":"https:\/\/davidondrus.sk\/en\/wp-json\/wp\/v2\/types\/page"}],"author":[{"embeddable":true,"href":"https:\/\/davidondrus.sk\/en\/wp-json\/wp\/v2\/users\/1"}],"replies":[{"embeddable":true,"href":"https:\/\/davidondrus.sk\/en\/wp-json\/wp\/v2\/comments?post=995"}],"version-history":[{"count":27,"href":"https:\/\/davidondrus.sk\/en\/wp-json\/wp\/v2\/pages\/995\/revisions"}],"predecessor-version":[{"id":1128,"href":"https:\/\/davidondrus.sk\/en\/wp-json\/wp\/v2\/pages\/995\/revisions\/1128"}],"wp:attachment":[{"href":"https:\/\/davidondrus.sk\/en\/wp-json\/wp\/v2\/media?parent=995"}],"curies":[{"name":"wp","href":"https:\/\/api.w.org\/{rel}","templated":true}]}}